{"id":235,"date":"2014-05-24T09:58:29","date_gmt":"2014-05-24T09:58:29","guid":{"rendered":"https:\/\/parafiakepki.org\/?page_id=235"},"modified":"2026-04-11T14:42:18","modified_gmt":"2026-04-11T14:42:18","slug":"ogloszenia","status":"publish","type":"page","link":"https:\/\/parafiakepki.org\/?page_id=235","title":{"rendered":"Og\u0142oszenia"},"content":{"rendered":"\n<h2 class=\"wp-block-heading\">Og\u0142oszenia Parafialne<\/h2>\n\n\n\n<p>1. Spotkanie dzieci przygotowuj\u0105cych si\u0119 do Pierwszej Komunii oraz ich rodzic\u00f3w w niedziel\u0119 (26 kwietnia) po Mszy o godz. 11:00.<\/p>\n\n\n\n<p>2. W niedziel\u0119 (26 kwietnia) go\u015bci\u0107 b\u0119dziemy wolontariuszy z Hospicjum, kt\u00f3rzy po Mszach zbiera\u0107 b\u0119d\u0105 ofiary do puszek na rzecz tej instytucji. Zach\u0119cam do przygotowania swojego datku na ten szlachetny cel.<\/p>\n\n\n\n<p>3. Intencje Mszy \u015awi\u0119tych:<\/p>\n\n\n\n<figure class=\"wp-block-table is-style-regular\"><table><tbody><tr><td>Data<\/td><td>Dzie\u0144<\/td><td>Godz.<\/td><td>Intencja<\/td><\/tr><tr><td>19.04<\/td><td>niedziela<\/td><td>9:00<\/td><td>\u015bp. Hendryka, Marian Mitura; Stefan, Jadwiga\u00a0Borkowscy i zm. dziadkowie z obu stron<\/td><\/tr><tr><td><\/td><td><\/td><td>11:00<\/td><td>\u015bp. Genowefa Kowalczyk<\/td><\/tr><tr><td><\/td><td><\/td><td><\/td><td><\/td><\/tr><tr><td>26.04<\/td><td>niedziela<\/td><td>9:00<\/td><td>w int. dzieci i wnuk\u00f3w<\/td><\/tr><tr><td><\/td><td><\/td><td>11:00<\/td><td>o Bo\u017ce b\u0142. i zdrowie dla Stanis\u0142awy<\/td><\/tr><\/tbody><\/table><\/figure>\n\n\n\n<p><\/p>\n","protected":false},"excerpt":{"rendered":"<p>Og\u0142oszenia Parafialne 1. Spotkanie dzieci przygotowuj\u0105cych si\u0119 do Pierwszej Komunii oraz ich rodzic\u00f3w w niedziel\u0119 (26 kwietnia) po Mszy o godz. 11:00. 2. W niedziel\u0119 (26 kwietnia) go\u015bci\u0107 b\u0119dziemy wolontariuszy z Hospicjum, kt\u00f3rzy po Mszach zbiera\u0107 b\u0119d\u0105 ofiary do puszek na rzecz tej instytucji. Zach\u0119cam do przygotowania swojego datku na&hellip; <\/p>\n","protected":false},"author":1,"featured_media":0,"parent":0,"menu_order":0,"comment_status":"closed","ping_status":"closed","template":"","meta":{"footnotes":""},"class_list":["post-235","page","type-page","status-publish","hentry"],"_links":{"self":[{"href":"https:\/\/parafiakepki.org\/index.php?rest_route=\/wp\/v2\/pages\/235","targetHints":{"allow":["GET"]}}],"collection":[{"href":"https:\/\/parafiakepki.org\/index.php?rest_route=\/wp\/v2\/pages"}],"about":[{"href":"https:\/\/parafiakepki.org\/index.php?rest_route=\/wp\/v2\/types\/page"}],"author":[{"embeddable":true,"href":"https:\/\/parafiakepki.org\/index.php?rest_route=\/wp\/v2\/users\/1"}],"replies":[{"embeddable":true,"href":"https:\/\/parafiakepki.org\/index.php?rest_route=%2Fwp%2Fv2%2Fcomments&post=235"}],"version-history":[{"count":862,"href":"https:\/\/parafiakepki.org\/index.php?rest_route=\/wp\/v2\/pages\/235\/revisions"}],"predecessor-version":[{"id":4246,"href":"https:\/\/parafiakepki.org\/index.php?rest_route=\/wp\/v2\/pages\/235\/revisions\/4246"}],"wp:attachment":[{"href":"https:\/\/parafiakepki.org\/index.php?rest_route=%2Fwp%2Fv2%2Fmedia&parent=235"}],"curies":[{"name":"wp","href":"https:\/\/api.w.org\/{rel}","templated":true}]}}