{"id":11,"date":"2014-05-19T21:45:19","date_gmt":"2014-05-19T21:45:19","guid":{"rendered":"https:\/\/parafiakepki.org\/?page_id=11"},"modified":"2026-04-11T14:38:14","modified_gmt":"2026-04-11T14:38:14","slug":"masze-sw","status":"publish","type":"page","link":"https:\/\/parafiakepki.org\/","title":{"rendered":"Msze \u015aw."},"content":{"rendered":"<h2>Msze \u015awi\u0119te<\/h2>\n<p>Je\u015bli w og\u0142oszeniach nie podano inaczej<\/p>\n<table>\n<tbody>\n<tr>\n<td>Poniedzia\u0142ek &#8211; Pi\u0105tek<\/td>\n<td>\u00a0<\/td>\n<\/tr>\n<tr>\n<td>Sobota<\/td>\n<td>\u00a0<\/td>\n<\/tr>\n<tr>\n<td>Niedziela<\/td>\n<td>9:00, 11:00<\/td>\n<\/tr>\n<\/tbody>\n<\/table>\n\n\n<p><\/p>\n","protected":false},"excerpt":{"rendered":"<p>Msze \u015awi\u0119te Je\u015bli w og\u0142oszeniach nie podano inaczej Poniedzia\u0142ek &#8211; Pi\u0105tek \u00a0 Sobota \u00a0 Niedziela 9:00, 11:00<\/p>\n","protected":false},"author":1,"featured_media":0,"parent":0,"menu_order":0,"comment_status":"closed","ping_status":"closed","template":"","meta":{"footnotes":""},"class_list":["post-11","page","type-page","status-publish","hentry"],"_links":{"self":[{"href":"https:\/\/parafiakepki.org\/index.php?rest_route=\/wp\/v2\/pages\/11","targetHints":{"allow":["GET"]}}],"collection":[{"href":"https:\/\/parafiakepki.org\/index.php?rest_route=\/wp\/v2\/pages"}],"about":[{"href":"https:\/\/parafiakepki.org\/index.php?rest_route=\/wp\/v2\/types\/page"}],"author":[{"embeddable":true,"href":"https:\/\/parafiakepki.org\/index.php?rest_route=\/wp\/v2\/users\/1"}],"replies":[{"embeddable":true,"href":"https:\/\/parafiakepki.org\/index.php?rest_route=%2Fwp%2Fv2%2Fcomments&post=11"}],"version-history":[{"count":96,"href":"https:\/\/parafiakepki.org\/index.php?rest_route=\/wp\/v2\/pages\/11\/revisions"}],"predecessor-version":[{"id":4244,"href":"https:\/\/parafiakepki.org\/index.php?rest_route=\/wp\/v2\/pages\/11\/revisions\/4244"}],"wp:attachment":[{"href":"https:\/\/parafiakepki.org\/index.php?rest_route=%2Fwp%2Fv2%2Fmedia&parent=11"}],"curies":[{"name":"wp","href":"https:\/\/api.w.org\/{rel}","templated":true}]}}